{"id":88,"date":"2021-02-19T16:33:23","date_gmt":"2021-02-19T16:33:23","guid":{"rendered":"https:\/\/controlo2022.apca.pt\/?page_id=88"},"modified":"2022-07-07T08:17:59","modified_gmt":"2022-07-07T08:17:59","slug":"sponsors-partners","status":"publish","type":"page","link":"https:\/\/controlo2022.apca.pt\/index.php\/sponsors-partners\/","title":{"rendered":"Co-Sponsors &#038; Partners"},"content":{"rendered":"\t\t<div data-elementor-type=\"wp-page\" data-elementor-id=\"88\" class=\"elementor elementor-88\">\n\t\t\t\t\t\t\t\t\t<section class=\"elementor-section elementor-top-section elementor-element elementor-element-f5b41cb elementor-section-boxed elementor-section-height-default elementor-section-height-default\" data-id=\"f5b41cb\" data-element_type=\"section\">\n\t\t\t\t\t\t<div class=\"elementor-container elementor-column-gap-default\">\n\t\t\t\t\t<div class=\"elementor-column elementor-col-100 elementor-top-column elementor-element elementor-element-c5f6eb9\" data-id=\"c5f6eb9\" data-element_type=\"column\">\n\t\t\t<div class=\"elementor-widget-wrap elementor-element-populated\">\n\t\t\t\t\t\t\t\t<div class=\"elementor-element elementor-element-ad0ace1 elementor-widget elementor-widget-text-editor\" data-id=\"ad0ace1\" data-element_type=\"widget\" data-widget_type=\"text-editor.default\">\n\t\t\t\t<div class=\"elementor-widget-container\">\n\t\t\t\t\t\t\t<h3>Organizers, Co-Sponsors &amp; Exhibitors<\/h3><h4>\u00a0<\/h4><h4>Organizers:<\/h4><p><a href=\"https:\/\/www.fct.unl.pt\/en\" target=\"_blank\" rel=\"noopener\">NOVA School of Science and Technology | FCT NOVA<\/a><br \/><a href=\"https:\/\/apca.pt\/?lang=en\" target=\"_blank\" rel=\"noopener\">APCA \u2013 Portuguese Association of Automatic Control<\/a><br \/><a href=\"https:\/\/www.uninova.pt\/\" target=\"_blank\" rel=\"noopener\">UNINOVA &#8211; CTS (Centre of Technology and Systems)<\/a><\/p><h4>Technical Co-Sponsors:<\/h4><p><a href=\"https:\/\/www.ifac-control.org\/\" target=\"_blank\" rel=\"noopener\">IFAC (International Federation of Automatic Control)<\/a><br \/><a href=\"https:\/\/www.ceautomatica.es\/\" target=\"_blank\" rel=\"noopener\">CEA (Comit\u00e9 Espa\u00f1ol de Autom\u00e1tica)<\/a><br \/><a href=\"https:\/\/www.sba.org.br\/\" target=\"_blank\" rel=\"noopener\">SBA (Sociedade Brasileira de Autom\u00e1tica)<\/a><br \/><a href=\"http:\/\/www.sprobotica.pt\/\" target=\"_blank\" rel=\"noopener\">SPR (Sociedade Portuguesa de Rob\u00f3tica)<\/a><br \/><a href=\"https:\/\/www.spee.org.pt\/en\/\" target=\"_blank\" rel=\"noopener\">SPEE (Sociedade Portuguesa para a Educa\u00e7\u00e3o em Engenharia)<\/a><br \/><a href=\"https:\/\/isaportugal.org\/\" target=\"_blank\" rel=\"noopener\">ISA (International Society of Automation) Portugal<\/a><\/p><h4>CfP Website Dissemination:<\/h4><p><a href=\"https:\/\/conference-service.com\/conferences\/pt\/automation.html\" target=\"_blank\" rel=\"noopener\">https:\/\/conference-service.com\/conferences\/pt\/automation.html<\/a><br \/><a href=\"http:\/\/www.wikicfp.com\/cfp\/servlet\/event.showcfp?eventid=155120&amp;copyownerid=173317\" target=\"_blank\" rel=\"noopener\">http:\/\/www.wikicfp.com\/cfp\/servlet\/event.showcfp?eventid=155120&amp;copyownerid=173317<\/a><\/p>\t\t\t\t\t\t<\/div>\n\t\t\t\t<\/div>\n\t\t\t\t\t<\/div>\n\t\t<\/div>\n\t\t\t\t\t\t\t<\/div>\n\t\t<\/section>\n\t\t\t\t\t\t\t<\/div>\n\t\t","protected":false},"excerpt":{"rendered":"<p>Organizers, Co-Sponsors &amp; Exhibitors \u00a0 Organizers: NOVA School of Science and Technology | FCT NOVAAPCA \u2013 Portuguese Association of Automatic ControlUNINOVA &#8211; CTS (Centre of Technology and Systems) Technical Co-Sponsors: IFAC (International Federation of Automatic Control)CEA (Comit\u00e9 Espa\u00f1ol de Autom\u00e1tica)SBA (Sociedade Brasileira de Autom\u00e1tica)SPR (Sociedade Portuguesa de Rob\u00f3tica)SPEE (Sociedade Portuguesa para a Educa\u00e7\u00e3o em Engenharia)ISA [&hellip;]<\/p>\n","protected":false},"author":1,"featured_media":0,"parent":0,"menu_order":0,"comment_status":"closed","ping_status":"closed","template":"","meta":{"footnotes":""},"folder":[],"class_list":["post-88","page","type-page","status-publish","hentry","entry"],"_links":{"self":[{"href":"https:\/\/controlo2022.apca.pt\/index.php\/wp-json\/wp\/v2\/pages\/88","targetHints":{"allow":["GET"]}}],"collection":[{"href":"https:\/\/controlo2022.apca.pt\/index.php\/wp-json\/wp\/v2\/pages"}],"about":[{"href":"https:\/\/controlo2022.apca.pt\/index.php\/wp-json\/wp\/v2\/types\/page"}],"author":[{"embeddable":true,"href":"https:\/\/controlo2022.apca.pt\/index.php\/wp-json\/wp\/v2\/users\/1"}],"replies":[{"embeddable":true,"href":"https:\/\/controlo2022.apca.pt\/index.php\/wp-json\/wp\/v2\/comments?post=88"}],"version-history":[{"count":103,"href":"https:\/\/controlo2022.apca.pt\/index.php\/wp-json\/wp\/v2\/pages\/88\/revisions"}],"predecessor-version":[{"id":2613,"href":"https:\/\/controlo2022.apca.pt\/index.php\/wp-json\/wp\/v2\/pages\/88\/revisions\/2613"}],"wp:attachment":[{"href":"https:\/\/controlo2022.apca.pt\/index.php\/wp-json\/wp\/v2\/media?parent=88"}],"wp:term":[{"taxonomy":"folder","embeddable":true,"href":"https:\/\/controlo2022.apca.pt\/index.php\/wp-json\/wp\/v2\/folder?post=88"}],"curies":[{"name":"wp","href":"https:\/\/api.w.org\/{rel}","templated":true}]}}