{"id":1541,"date":"2021-12-09T12:57:34","date_gmt":"2021-12-09T12:57:34","guid":{"rendered":"https:\/\/controlo2022.apca.pt\/?page_id=1541"},"modified":"2022-05-20T22:26:20","modified_gmt":"2022-05-20T22:26:20","slug":"approved-special-sessions","status":"publish","type":"page","link":"https:\/\/controlo2022.apca.pt\/index.php\/approved-special-sessions\/","title":{"rendered":"Approved Special Sessions"},"content":{"rendered":"\t\t<div data-elementor-type=\"wp-page\" data-elementor-id=\"1541\" class=\"elementor elementor-1541\">\n\t\t\t\t\t\t\t\t\t<section class=\"elementor-section elementor-top-section elementor-element elementor-element-1283a65 elementor-section-boxed elementor-section-height-default elementor-section-height-default\" data-id=\"1283a65\" data-element_type=\"section\">\n\t\t\t\t\t\t<div class=\"elementor-container elementor-column-gap-default\">\n\t\t\t\t\t<div class=\"elementor-column elementor-col-100 elementor-top-column elementor-element elementor-element-4d8fd5a\" data-id=\"4d8fd5a\" data-element_type=\"column\">\n\t\t\t<div class=\"elementor-widget-wrap elementor-element-populated\">\n\t\t\t\t\t\t\t\t<div class=\"elementor-element elementor-element-eb60cb4 elementor-widget elementor-widget-text-editor\" data-id=\"eb60cb4\" data-element_type=\"widget\" data-widget_type=\"text-editor.default\">\n\t\t\t\t<div class=\"elementor-widget-container\">\n\t\t\t\t\t\t\t<h3>Approved Special Sessions<\/h3><p>Please click on the title of the special session for more details.<\/p><p>SS-01 <a href=\"https:\/\/controlo2022.apca.pt\/wp-content\/uploads\/2021\/12\/SS01-Frac-SS-site-p1.pdf\" target=\"_blank\" rel=\"noopener\">Fractional Signals and Systems<\/a><br \/>Manuel Ortigueira, Ant\u00f3nio Mendes Lopes<\/p><p>SS-02 <a href=\"https:\/\/controlo2022.apca.pt\/wp-content\/uploads\/2021\/12\/SS02-Educ-C19-site-p1.pdf\" target=\"_blank\" rel=\"noopener\">Impact of Covid-19 Pandemic in Control Engineering and Robotics Education<\/a><br \/>Paulo Moura Oliveira, Filomena Soares, Jos\u00e9 Gon\u00e7alves, Antonio Visioli, Ramon Costa-Castell\u00f3<\/p><p>SS-03 <a href=\"https:\/\/controlo2022.apca.pt\/wp-content\/uploads\/2022\/01\/SS03-PID-site-p1.pdf\" target=\"_blank\" rel=\"noopener\">PID Control: Tuning, Design and Applications<\/a><br \/>Ramon Vilanova, Orlando Arrieta, Antonio Visioli<\/p><p>SS-04 <a href=\"https:\/\/controlo2022.apca.pt\/wp-content\/uploads\/2022\/01\/SS04-NLData-site-p1.pdf\" target=\"_blank\" rel=\"noopener\">Geometric and Analytic Methods for Nonlinear Data<\/a><br \/>Knut H\u00fcper, Fatima Silva Leite<\/p><p>SS-05 <a href=\"https:\/\/controlo2022.apca.pt\/wp-content\/uploads\/2022\/01\/SS05-DEBS-site-p1.pdf\" target=\"_blank\" rel=\"noopener\">Discrete-event based graphical formalisms for control systems<\/a><br \/>Jo\u00e3o Paulo Barros, Fernando Pereira, Rogerio Campos-Rebelo<\/p><p>SS-06 <a href=\"https:\/\/controlo2022.apca.pt\/wp-content\/uploads\/2022\/01\/SS06-HMII5-site-p1.pdf\" target=\"_blank\" rel=\"noopener\">Human-Machine Interaction and Industry 5.0<\/a><br \/>Rui Azevedo Antunes, Jan Haase, Petr Skobelev<\/p><p>SS-07 <a href=\"https:\/\/controlo2022.apca.pt\/wp-content\/uploads\/2022\/01\/SS07-Sensing-Perception-site-p1.pdf\" target=\"_blank\" rel=\"noopener\">The importance of sensing and perception in autonomous vehicles<\/a><br \/>Luis Gomes, Jos\u00e9 Reinaldo Silva<\/p><p>SS-08 <a href=\"https:\/\/controlo2022.apca.pt\/wp-content\/uploads\/2022\/02\/SS08-BigData-Analytics-site-p-1.pdf\" target=\"_blank\" rel=\"noopener\">Big-data and Advanced Analytics in Critical Infrastructures\u2019 Applications<\/a><br \/>Pedro Mal\u00f3, Nuno Amaro<\/p><p>SS-09 <a href=\"https:\/\/controlo2022.apca.pt\/wp-content\/uploads\/2022\/02\/SS09_Int-Sys-Ind-App-site-p-1.pdf\" target=\"_blank\" rel=\"noopener\">Intelligent systems for industrial applications<\/a><br \/>Jos\u00e9 Luis Calvo-Rolle, Matilde Santos Pe\u00f1as, Eloy Irigoyen Gordo, Pedro Jes\u00fas Cabrera Santana, Dragan Simi\u0107<\/p><p>SS-10 <a href=\"https:\/\/controlo2022.apca.pt\/wp-content\/uploads\/2022\/02\/SS10-Vibration-Control-site-p-1.pdf\" target=\"_blank\" rel=\"noopener\">Vibration Control<\/a><br \/>R. Barros, M. Braz-C\u00e9sar<\/p><p>SS-11 <a href=\"https:\/\/controlo2022.apca.pt\/wp-content\/uploads\/2022\/02\/SS11-Int-Renew-site-p-1.pdf\" target=\"_blank\" rel=\"noopener\">Intelligent Control Techniques Applied to Renewable Energy Systems<\/a><br \/>J. Enrique Sierra Garc\u00eda, Matilde Santos Pe\u00f1as, Maria Tomas-Rodriguez, Fares M\u2019zoughi, Payam Aboutalebi<\/p><p>SS-12 <a href=\"https:\/\/controlo2022.apca.pt\/wp-content\/uploads\/2022\/02\/SS12-Robotics-Control-site-p-1.pdf\" target=\"_blank\" rel=\"noopener\">Control applications in Robotics<\/a><br \/>Jos\u00e9 Lima, Jos\u00e9 Gon\u00e7alves, Paulo Costa<\/p>\t\t\t\t\t\t<\/div>\n\t\t\t\t<\/div>\n\t\t\t\t\t<\/div>\n\t\t<\/div>\n\t\t\t\t\t\t\t<\/div>\n\t\t<\/section>\n\t\t\t\t\t\t\t<\/div>\n\t\t","protected":false},"excerpt":{"rendered":"<p>Approved Special Sessions Please click on the title of the special session for more details. SS-01 Fractional Signals and SystemsManuel Ortigueira, Ant\u00f3nio Mendes Lopes SS-02 Impact of Covid-19 Pandemic in Control Engineering and Robotics EducationPaulo Moura Oliveira, Filomena Soares, Jos\u00e9 Gon\u00e7alves, Antonio Visioli, Ramon Costa-Castell\u00f3 SS-03 PID Control: Tuning, Design and ApplicationsRamon Vilanova, Orlando Arrieta, [&hellip;]<\/p>\n","protected":false},"author":1,"featured_media":0,"parent":0,"menu_order":0,"comment_status":"closed","ping_status":"closed","template":"","meta":{"footnotes":""},"folder":[],"class_list":["post-1541","page","type-page","status-publish","hentry","entry"],"_links":{"self":[{"href":"https:\/\/controlo2022.apca.pt\/index.php\/wp-json\/wp\/v2\/pages\/1541","targetHints":{"allow":["GET"]}}],"collection":[{"href":"https:\/\/controlo2022.apca.pt\/index.php\/wp-json\/wp\/v2\/pages"}],"about":[{"href":"https:\/\/controlo2022.apca.pt\/index.php\/wp-json\/wp\/v2\/types\/page"}],"author":[{"embeddable":true,"href":"https:\/\/controlo2022.apca.pt\/index.php\/wp-json\/wp\/v2\/users\/1"}],"replies":[{"embeddable":true,"href":"https:\/\/controlo2022.apca.pt\/index.php\/wp-json\/wp\/v2\/comments?post=1541"}],"version-history":[{"count":55,"href":"https:\/\/controlo2022.apca.pt\/index.php\/wp-json\/wp\/v2\/pages\/1541\/revisions"}],"predecessor-version":[{"id":2132,"href":"https:\/\/controlo2022.apca.pt\/index.php\/wp-json\/wp\/v2\/pages\/1541\/revisions\/2132"}],"wp:attachment":[{"href":"https:\/\/controlo2022.apca.pt\/index.php\/wp-json\/wp\/v2\/media?parent=1541"}],"wp:term":[{"taxonomy":"folder","embeddable":true,"href":"https:\/\/controlo2022.apca.pt\/index.php\/wp-json\/wp\/v2\/folder?post=1541"}],"curies":[{"name":"wp","href":"https:\/\/api.w.org\/{rel}","templated":true}]}}